{"id":155,"date":"2016-12-06T03:51:51","date_gmt":"2016-12-06T02:51:51","guid":{"rendered":"http:\/\/localhost\/buildpro\/?page_id=155"},"modified":"2021-11-26T16:57:42","modified_gmt":"2021-11-26T15:57:42","slug":"hybridhaus","status":"publish","type":"page","link":"https:\/\/prada-bau.com\/?page_id=155","title":{"rendered":"Das HYBRID Haus"},"content":{"rendered":"<div class=\"wpb-content-wrapper\"><p>[vc_row equal_height=&#8220;yes&#8220; content_placement=&#8220;middle&#8220; fullwidth=&#8220;yes&#8220; css=&#8220;.vc_custom_1596813541277{padding-top: 0px !important;padding-bottom: 0px !important;}&#8220;][vc_column width=&#8220;1\/2&#8243; offset=&#8220;vc_col-md-6&#8243; css=&#8220;.vc_custom_1596814634095{padding-top: 0px !important;background-color: #f6f6f6 !important;}&#8220;][vc_column_text el_class=&#8220;padding60&#8243;]<\/p>\n<h2><span class=\"id-color\">Nicht nur Ziegelbauweise\u2026. Wir denken neu und bauen Ihr Haus in HYBRID-Bauweise<\/span><\/h2>\n<h2><span class=\"tiny-border\">x<\/span><\/h2>\n<p>Die einzigartige Fusion aus wohlf\u00fchlendem Holz, massiven, wertbest\u00e4ndigen Ziegeln trifft auf tragf\u00e4higen Beton. Wir denken neu und bauen Ihr Haus zuk\u00fcnftig energetisch sinnvoll.<\/p>\n<p>H\u00e4user aus Holz zu bauen hat sich seit Jahrhunderten bew\u00e4hrt. Die Verbindung zwischen Au\u00dfenw\u00e4nden aus Holz, geziegelten Innenw\u00e4nden und Stahlbetondecken ist die K\u00fcr im Hausbau und ist sowohl f\u00fcr uns, als auch f\u00fcr den H\u00e4uslebauer die Zukunft.<\/p>\n<p>Bereits im Mittelalter wurden die Fachwerkbauten \u00fcberwiegend aus Holz, Stroh und Lehm gefertigt \u2013 sozusagen der Vorg\u00e4nger der heutigen HYBRID-Bauweise.<\/p>\n<p>[\/vc_column_text][\/vc_column][vc_column width=&#8220;1\/2&#8243; css=&#8220;.vc_custom_1596814566805{background-color: #f6f6f6 !important;}&#8220;][vc_single_image image=&#8220;1446&#8243; img_size=&#8220;full&#8220;][\/vc_column][\/vc_row][vc_row equal_height=&#8220;yes&#8220; content_placement=&#8220;middle&#8220; fullwidth=&#8220;yes&#8220; css=&#8220;.vc_custom_1596813541277{padding-top: 0px !important;padding-bottom: 0px !important;}&#8220;][vc_column width=&#8220;1\/2&#8243; offset=&#8220;vc_col-md-6&#8243; css=&#8220;.vc_custom_1598629691057{padding-top: 0px !important;background: #f6f6f6 url(http:\/\/prada-bau.com\/wp-content\/uploads\/2020\/07\/Pradabau_0041.jpg?id=1380) !important;}&#8220;][\/vc_column][vc_column width=&#8220;1\/2&#8243; css=&#8220;.vc_custom_1596814566805{background-color: #f6f6f6 !important;}&#8220;][vc_column_text el_class=&#8220;padding60&#8243;]<\/p>\n<h2>Das HYBRID-Haus\u00a0<span class=\"tiny-border\">x<\/span><\/h2>\n<p><strong>Um was f\u00fcr eine Art Haus handelt es sich hier?<\/strong><\/p>\n<p>Das Hybridhaus besteht aus Holz, Ziegeln und Beton. Die Au\u00dfenw\u00e4nde werden aus massiven Kiefern-oder Fichten-Schichtholz Elementen gefertigt und die Innenw\u00e4nde aus Ziegeln. Die Decke entsteht aus massivem Stahlbeton. Durch diese Synergie aus verschiednen Werkstoffen entsteht die zukunftsweisende Hybridbauweise. Wir bauen so f\u00fcr Sie ein wertvolles Massivhaus.<\/p>\n<p>&nbsp;<\/p>\n<p>[\/vc_column_text][\/vc_column][\/vc_row][vc_row equal_height=&#8220;yes&#8220; content_placement=&#8220;middle&#8220; fullwidth=&#8220;yes&#8220; css=&#8220;.vc_custom_1596813541277{padding-top: 0px !important;padding-bottom: 0px !important;}&#8220;][vc_column width=&#8220;1\/2&#8243; offset=&#8220;vc_col-md-6&#8243; css=&#8220;.vc_custom_1596813614391{padding-top: 0px !important;background-color: #f6f6f6 !important;}&#8220;][vc_column_text el_class=&#8220;padding60&#8243;]<\/p>\n<h2>Was bringt mir diese Art von Haus? <span class=\"tiny-border\">x<\/span><\/h2>\n<p>Energetisch top, U-Wert (W\u00e4rmedurchgangswert) liegt bei ca. 0,15 \u2013 0,18<br \/>\nZiegel hat im Au\u00dfenbereich ca. einen U-Wert von 0,21 (bei einer St\u00e4rke von 36,5 cm)<br \/>\nHinzu kommt das ganz besondere Wohnraumgef\u00fchl durch den Baustoff Holz \u2013 Sie werden sehen: etwas ganz besonderes!<br \/>\nDurch die besondere Au\u00dfend\u00e4mmung erreichen Sie im Sommer als auch im Winter ein angenehmes Wohnklima.<br \/>\nSie sparen Zeit beim Hausbau: ein erstes Stockwerk steht in der Regel nach ein paar Stunden. Die Stahlbetondecke liefert im Vergleich zur Holzdecke einen enormen Schallschutz. Dies bedeutet, Ihre Kinder k\u00f6nnen im ersten Stock toben wie sie m\u00f6chten \u2013 der Unterschied ist h\u00f6rbar.<br \/>\nDie aus Ziegel gemauerten Innenw\u00e4nde werden ganz individuell nach Ihren W\u00fcnschen (und selbstverst\u00e4ndlich nach den vorgegebenen Statik-Richtlinien) gemauert. Au\u00dferdem sind sie hervorragende W\u00e4rmespeicher und Ihr Haus k\u00fchlt bei Heizungsabsenkung nicht so schnell aus.[\/vc_column_text][\/vc_column][vc_column width=&#8220;1\/2&#8243; css=&#8220;.vc_custom_1598629707845{background-image: url(http:\/\/prada-bau.com\/wp-content\/uploads\/2020\/07\/Pradabau_0082.jpg?id=1476) !important;}&#8220;][\/vc_column][\/vc_row][vc_row equal_height=&#8220;yes&#8220; content_placement=&#8220;middle&#8220; fullwidth=&#8220;yes&#8220; css=&#8220;.vc_custom_1596813541277{padding-top: 0px !important;padding-bottom: 0px !important;}&#8220;][vc_column width=&#8220;1\/2&#8243; offset=&#8220;vc_col-md-6&#8243; css=&#8220;.vc_custom_1598629725094{padding-top: 0px !important;background: #f6f6f6 url(http:\/\/prada-bau.com\/wp-content\/uploads\/2020\/07\/Pradabau_0082.jpg?id=1476) !important;}&#8220;][\/vc_column][vc_column width=&#8220;1\/2&#8243; css=&#8220;.vc_custom_1596814210074{background-color: #f6f6f6 !important;}&#8220;][vc_column_text el_class=&#8220;padding60&#8243;]<\/p>\n<h2>Sieht ein HYBRID-Haus anders aus, als ein rein aus Ziegeln gebautes Haus?\u00a0<span class=\"tiny-border\">x<\/span><\/h2>\n<p>Nein. Ein HYBRID-Haus unterscheidet sich optisch nicht von anderen Neubauten.<\/p>\n<h2>Wo kann ich mir ein\u00a0HYBRID-Haus ansehen?<\/h2>\n<h2><span class=\"tiny-border\">x<\/span><\/h2>\n<p>Unser Musterhaus in Igling kann gerne nach terminlicher Vereinbarung besichtigt werden.[\/vc_column_text][\/vc_column][\/vc_row][vc_row][vc_column][vc_column_text css=&#8220;.vc_custom_1567946961525{margin-bottom: 60px !important;}&#8220;]<\/p>\n<h2>Warum ein HYBRIDHAUS?\u00a0<span class=\"tiny-border\">x<\/span><\/h2>\n<p>[\/vc_column_text][vc_row_inner][vc_column_inner width=&#8220;1\/3&#8243;]\n\t\t<div class=\"feature-box-small-icon \">\n        <span class=\"icon\">\n        \t<i class=\"icon_box-checked id-color\"><\/i>\n        <\/span>\n        <div class=\"text\">\n            <h3>Sie sparen Zeit beim Hausbau<\/h3>\n            <\/p>\n<p>&nbsp;<\/p>\n<p>        <\/div>\n    <\/div>\n    \n[vc_empty_space height=&#8220;30px&#8220;]\n\t\t<div class=\"feature-box-small-icon \">\n        <span class=\"icon\">\n        \t<i class=\"icon_box-checked id-color\"><\/i>\n        <\/span>\n        <div class=\"text\">\n            <h3>Energetisch top<\/h3>\n            <\/p>\n<p>&nbsp;<\/p>\n<p>        <\/div>\n    <\/div>\n    \n[\/vc_column_inner][vc_column_inner width=&#8220;1\/3&#8243;]\n\t\t<div class=\"feature-box-small-icon \">\n        <span class=\"icon\">\n        \t<i class=\"icon_box-checked id-color\"><\/i>\n        <\/span>\n        <div class=\"text\">\n            <h3>Holzmassivhaus in Verbindung mit Ziegeln und Beton<\/h3>\n            <\/p>\n<p>&nbsp;<\/p>\n<p>        <\/div>\n    <\/div>\n    \n[vc_empty_space height=&#8220;30px&#8220;]\n\t\t<div class=\"feature-box-small-icon \">\n        <span class=\"icon\">\n        \t<i class=\"icon_box-checked id-color\"><\/i>\n        <\/span>\n        <div class=\"text\">\n            <h3>ganz individuell<\/h3>\n            <\/p>\n<p>&nbsp;<\/p>\n<p>        <\/div>\n    <\/div>\n    \n[\/vc_column_inner][vc_column_inner width=&#8220;1\/3&#8243;]\n\t\t<div class=\"feature-box-small-icon \">\n        <span class=\"icon\">\n        \t<i class=\"icon_box-checked id-color\"><\/i>\n        <\/span>\n        <div class=\"text\">\n            <h3>Hervorragende W\u00e4rmespeicher<\/h3>\n            <\/p>\n<p>&nbsp;<\/p>\n<p>        <\/div>\n    <\/div>\n    \n[vc_empty_space height=&#8220;30px&#8220;]\n\t\t<div class=\"feature-box-small-icon \">\n        <span class=\"icon\">\n        \t<i class=\"icon_box-checked id-color\"><\/i>\n        <\/span>\n        <div class=\"text\">\n            <h3>Hausbau der Zukunft<\/h3>\n            <\/p>\n<p>&nbsp;<\/p>\n<p>        <\/div>\n    <\/div>\n    \n[\/vc_column_inner][\/vc_row_inner][\/vc_column][\/vc_row][vc_row line=&#8220;&#8220; el_class=&#8220;bg-color&#8220; css=&#8220;.vc_custom_1480995929579{padding-top: 20px !important;padding-bottom: 20px !important;}&#8220;][vc_column]\n\t<div class=\"row call-to-action \">\n\t\t<div class=\"col-md-8\">\n\t        <h3 class=\"mt10\">DAS HYBRIDHAUS. Gerne k\u00f6nnen Sie uns anrufen dazu.<\/h3>\n\t    <\/div>\n\t    <div class=\"col-md-4 text-right\">\n\t    \t<a class=\"btn btn-line-black btn-fx\" href=\"http:\/\/prada-bau.com\/kontakt\/\" target=\"_self\">KONTAKT<\/a>\t    <\/div>\n    <\/div>\n\n[\/vc_column][\/vc_row]<\/p>\n<\/div>","protected":false},"excerpt":{"rendered":"<p>[vc_row equal_height=&#8220;yes&#8220; content_placement=&#8220;middle&#8220; fullwidth=&#8220;yes&#8220; css=&#8220;.vc_custom_1596813541277{padding-top: 0px !important;padding-bottom: 0px !important;}&#8220;][vc_column width=&#8220;1\/2&#8243; offset=&#8220;vc_col-md-6&#8243; css=&#8220;.vc_custom_1596814634095{padding-top: 0px !important;background-color: #f6f6f6 !important;}&#8220;][vc_column_text el_class=&#8220;padding60&#8243;] Nicht nur Ziegelbauweise\u2026. Wir denken neu und bauen Ihr Haus in HYBRID-Bauweise x Die einzigartige Fusion aus wohlf\u00fchlendem Holz, massiven, wertbest\u00e4ndigen Ziegeln trifft auf tragf\u00e4higen Beton. Wir denken neu und bauen Ihr Haus zuk\u00fcnftig energetisch sinnvoll. H\u00e4user aus [&hellip;]<\/p>\n","protected":false},"author":1,"featured_media":0,"parent":0,"menu_order":0,"comment_status":"closed","ping_status":"closed","template":"page-templates\/template-fullwidth.php","meta":{"footnotes":""},"class_list":["post-155","page","type-page","status-publish","hentry"],"_links":{"self":[{"href":"https:\/\/prada-bau.com\/index.php?rest_route=\/wp\/v2\/pages\/155","targetHints":{"allow":["GET"]}}],"collection":[{"href":"https:\/\/prada-bau.com\/index.php?rest_route=\/wp\/v2\/pages"}],"about":[{"href":"https:\/\/prada-bau.com\/index.php?rest_route=\/wp\/v2\/types\/page"}],"author":[{"embeddable":true,"href":"https:\/\/prada-bau.com\/index.php?rest_route=\/wp\/v2\/users\/1"}],"replies":[{"embeddable":true,"href":"https:\/\/prada-bau.com\/index.php?rest_route=%2Fwp%2Fv2%2Fcomments&post=155"}],"version-history":[{"count":149,"href":"https:\/\/prada-bau.com\/index.php?rest_route=\/wp\/v2\/pages\/155\/revisions"}],"predecessor-version":[{"id":1786,"href":"https:\/\/prada-bau.com\/index.php?rest_route=\/wp\/v2\/pages\/155\/revisions\/1786"}],"wp:attachment":[{"href":"https:\/\/prada-bau.com\/index.php?rest_route=%2Fwp%2Fv2%2Fmedia&parent=155"}],"curies":[{"name":"wp","href":"https:\/\/api.w.org\/{rel}","templated":true}]}}