{"id":1518,"date":"2020-08-06T18:28:46","date_gmt":"2020-08-06T16:28:46","guid":{"rendered":"http:\/\/neu.prada-bau.com\/?page_id=1518"},"modified":"2026-03-30T14:57:17","modified_gmt":"2026-03-30T12:57:17","slug":"impressum","status":"publish","type":"page","link":"https:\/\/prada-bau.com\/?page_id=1518","title":{"rendered":"Impressum"},"content":{"rendered":"<div class=\"wpb-content-wrapper\"><p>[vc_row][vc_column width=&#8220;1\/2&#8243;][vc_column_text]<\/p>\n<div><\/div>\n<div>\n<div class=\"file-view-info__item _copyright\">\n<h2>Impressum\u00a0<span class=\"tiny-border\">x<\/span><\/h2>\n<p>Das Angaben gem\u00e4\u00df \u00a7 5 TMG:<\/p>\n<\/div>\n<p>PRADA BAU<br \/>\nDaniel Prause<br \/>\nGewerbestr. 15<br \/>\n86859 Igling<\/p>\n<p>Kontakt:<br \/>\nTelefon: (+49) 176 70 182 181<\/p>\n<p>E-Mail: <a href=\"mailto:info@prada-bau.com\">info@prada-bau.com<\/a><\/p>\n<p>Umsatzsteuer:<br \/>\nUmsatzsteuer-Identifikationsnummer gem\u00e4\u00df \u00a7 27a Umsatzsteuergesetz:<br \/>\nDE320484158<\/p>\n<\/div>\n<p>&nbsp;<\/p>\n<p><strong data-start=\"931\" data-end=\"991\">Verbraucherstreitbeilegung \/ Universalschlichtungsstelle<\/strong><br data-start=\"991\" data-end=\"994\" \/>Wir sind nicht verpflichtet und nicht bereit, an Streitbeilegungsverfahren vor einer Verbraucherschlichtungsstelle teilzunehmen.<\/p>\n<div>\n<p>&nbsp;<\/p>\n<p>Quelle: <em><a href=\"https:\/\/www.e-recht24.de\/impressum-generator.html\">https:\/\/www.e-recht24.de<\/a><\/em><\/p>\n<div class=\"file-view-info__item _similar\">\n<div class=\"info-item-box\">\n<div><\/div>\n<div class=\"info-item info-item_link _find-similar-btn\"><strong>Bildnachweise<\/strong><br \/>\n\u00a9depositphotos.com \/ \u00a9pradabau.de<br \/>\n<span class=\"file-view__info-value\">\u00a9 <span class=\"info-author__text\"><span class=\"link-blue\">valery<\/span><\/span>, \u00a9\u00a0<\/span><span class=\"info-author__text\"><span class=\"link-blue\">pressmaster<\/span><\/span>, \u00a9 <span class=\"info-author__text\"><span class=\"link-blue\">franckito<\/span><\/span>, \u00a9<span class=\"info-author__text\"><span class=\"link-blue\">.shock,\u00a0@ kantver @ itchaz.gmail.com @ pressmaster<\/span><\/span><\/div>\n<\/div>\n<\/div>\n<\/div>\n<p>[\/vc_column_text][\/vc_column][vc_column width=&#8220;1\/2&#8243;][vc_single_image image=&#8220;1615&#8243; img_size=&#8220;full&#8220; alignment=&#8220;center&#8220; style=&#8220;vc_box_border_circle_2&#8243;][\/vc_column][\/vc_row][vc_row][vc_column width=&#8220;1\/2&#8243;][vc_single_image image=&#8220;1814&#8243; img_size=&#8220;medium&#8220;][\/vc_column][vc_column width=&#8220;1\/2&#8243;][vc_column_text]<\/p>\n<h2><\/h2>\n<div class=\"file-view-info__item _copyright\">\n<h2>Gestaltung &amp; Umsetzung\u00a0<span class=\"tiny-border\">x<\/span><\/h2>\n<p data-start=\"3767\" data-end=\"3894\"><strong data-start=\"3767\" data-end=\"3802\">FINDYOURDESIGN<br \/>\nWEBDESIGN \/ SEO \/ BRANDING<br \/>\nNadine Freitag<\/strong><br data-start=\"3802\" data-end=\"3805\" \/>82269 Geltendorf<\/p>\n<p><strong>mobil<\/strong>\u00a0+49 (0) 151 \u2013 12 79 21 05<br \/>\n<b>mail<\/b>\u00a0<a href=\"mailto:info@findyourdesign.de\">info@findyourdesign.de<\/a><br \/>\n<b>web<\/b> <a href=\"http:\/\/www.findyourdesign.de\/\" target=\"_blank\" rel=\"noopener\"><span class=\"s1\">findyourdesign.de<\/span><\/a><\/p>\n<\/div>\n<p>[\/vc_column_text][\/vc_column][\/vc_row][vc_row][vc_column][vc_column_text]<\/p>\n<div class=\"file-view-info__item _copyright\">\n<h2>Haftungsausschluss (Disclaimer)\u00a0<span class=\"tiny-border\">x<\/span><\/h2>\n<\/div>\n<p>[\/vc_column_text][vc_column_text]<\/p>\n<div class=\"ce_text last block\">\n<p>&nbsp;<\/p>\n<p><strong>Haftung f\u00fcr Inhalte<\/strong><\/p>\n<p>Als Diensteanbieter sind wir gem\u00e4\u00df \u00a7 7 Abs.1 TMG f\u00fcr eigene Inhalte auf diesen Seiten nach den allgemeinen Gesetzen verantwortlich. Nach \u00a7\u00a7 8 bis 10 TMG sind wir als Diensteanbieter jedoch nicht verpflichtet, \u00fcbermittelte oder gespeicherte fremde Informationen zu \u00fcberwachen oder nach Umst\u00e4nden zu forschen, die auf eine rechtswidrige T\u00e4tigkeit hinweisen. Verpflichtungen zur Entfernung oder Sperrung der Nutzung von Informationen nach den allgemeinen Gesetzen bleiben hiervon unber\u00fchrt. Eine diesbez\u00fcgliche Haftung ist jedoch erst ab dem Zeitpunkt der Kenntnis einer konkreten Rechtsverletzung m\u00f6glich. Bei Bekanntwerden von entsprechenden Rechtsverletzungen werden wir diese Inhalte umgehend entfernen.<\/p>\n<p><strong>Haftung f\u00fcr Links<\/strong><\/p>\n<p>Unser Angebot enth\u00e4lt Links zu externen Webseiten Dritter, auf deren Inhalte wir keinen Einfluss haben. Deshalb k\u00f6nnen wir f\u00fcr diese fremden Inhalte auch keine Gew\u00e4hr \u00fcbernehmen. F\u00fcr die Inhalte der verlinkten Seiten ist stets der jeweilige Anbieter oder Betreiber der Seiten verantwortlich. Die verlinkten Seiten wurden zum Zeitpunkt der Verlinkung auf m\u00f6gliche Rechtsverst\u00f6\u00dfe \u00fcberpr\u00fcft. Rechtswidrige Inhalte waren zum Zeitpunkt der Verlinkung nicht erkennbar. Eine permanente inhaltliche Kontrolle der verlinkten Seiten ist jedoch ohne konkrete Anhaltspunkte einer Rechtsverletzung nicht zumutbar. Bei Bekanntwerden von Rechtsverletzungen werden wir derartige Links umgehend entfernen.<\/p>\n<p><strong>Urheberrecht<\/strong><\/p>\n<p>Die durch die Seitenbetreiber erstellten Inhalte und Werke auf diesen Seiten unterliegen dem deutschen Urheberrecht. Die Vervielf\u00e4ltigung, Bearbeitung, Verbreitung und jede Art der Verwertung au\u00dferhalb der Grenzen des Urheberrechtes bed\u00fcrfen der schriftlichen Zustimmung des jeweiligen Autors bzw. Erstellers. Downloads und Kopien dieser Seite sind nur f\u00fcr den privaten, nicht kommerziellen Gebrauch gestattet. Soweit die Inhalte auf dieser Seite nicht vom Betreiber erstellt wurden, werden die Urheberrechte Dritter beachtet. Insbesondere werden Inhalte Dritter als solche gekennzeichnet. Sollten Sie trotzdem auf eine Urheberrechtsverletzung aufmerksam werden, bitten wir um einen entsprechenden Hinweis. Bei Bekanntwerden von Rechtsverletzungen werden wir derartige Inhalte umgehend entfernen.<\/p><\/div>\n<p>[\/vc_column_text][\/vc_column][\/vc_row]<\/p>\n<\/div>","protected":false},"excerpt":{"rendered":"<p>[vc_row][vc_column width=&#8220;1\/2&#8243;][vc_column_text] Impressum\u00a0x Das Angaben gem\u00e4\u00df \u00a7 5 TMG: PRADA BAU Daniel Prause Gewerbestr. 15 86859 Igling Kontakt: Telefon: (+49) 176 70 182 181 E-Mail: info@prada-bau.com Umsatzsteuer: Umsatzsteuer-Identifikationsnummer gem\u00e4\u00df \u00a7 27a Umsatzsteuergesetz: DE320484158 &nbsp; Verbraucherstreitbeilegung \/ UniversalschlichtungsstelleWir sind nicht verpflichtet und nicht bereit, an Streitbeilegungsverfahren vor einer Verbraucherschlichtungsstelle teilzunehmen. &nbsp; Quelle: https:\/\/www.e-recht24.de Bildnachweise \u00a9depositphotos.com \/ [&hellip;]<\/p>\n","protected":false},"author":1,"featured_media":0,"parent":0,"menu_order":0,"comment_status":"closed","ping_status":"closed","template":"page-templates\/template-fullwidth.php","meta":{"footnotes":""},"class_list":["post-1518","page","type-page","status-publish","hentry"],"_links":{"self":[{"href":"https:\/\/prada-bau.com\/index.php?rest_route=\/wp\/v2\/pages\/1518","targetHints":{"allow":["GET"]}}],"collection":[{"href":"https:\/\/prada-bau.com\/index.php?rest_route=\/wp\/v2\/pages"}],"about":[{"href":"https:\/\/prada-bau.com\/index.php?rest_route=\/wp\/v2\/types\/page"}],"author":[{"embeddable":true,"href":"https:\/\/prada-bau.com\/index.php?rest_route=\/wp\/v2\/users\/1"}],"replies":[{"embeddable":true,"href":"https:\/\/prada-bau.com\/index.php?rest_route=%2Fwp%2Fv2%2Fcomments&post=1518"}],"version-history":[{"count":36,"href":"https:\/\/prada-bau.com\/index.php?rest_route=\/wp\/v2\/pages\/1518\/revisions"}],"predecessor-version":[{"id":1815,"href":"https:\/\/prada-bau.com\/index.php?rest_route=\/wp\/v2\/pages\/1518\/revisions\/1815"}],"wp:attachment":[{"href":"https:\/\/prada-bau.com\/index.php?rest_route=%2Fwp%2Fv2%2Fmedia&parent=1518"}],"curies":[{"name":"wp","href":"https:\/\/api.w.org\/{rel}","templated":true}]}}